{"id":21892,"date":"2023-12-14T10:19:06","date_gmt":"2023-12-14T09:19:06","guid":{"rendered":"https:\/\/srisrischoolofyoga.org\/eu\/?page_id=21892"},"modified":"2026-04-01T11:10:29","modified_gmt":"2026-04-01T09:10:29","slug":"sri-sri-yoga-deep-dive","status":"publish","type":"page","link":"https:\/\/srisrischoolofyoga.org\/eu\/sri-sri-yoga-deep-dive\/","title":{"rendered":"Sri Sri Yoga Deep Dive Retreat"},"content":{"rendered":"\n\n\t<section class=\"section has-parallax\" id=\"section_444267158\">\n\t\t<div class=\"section-bg fill\" data-parallax-container=\".section\" data-parallax-background data-parallax=\"-4\">\n\t\t\t<img loading=\"lazy\" decoding=\"async\" width=\"1500\" height=\"768\" src=\"https:\/\/srisrischoolofyoga.org\/eu\/wp-content\/uploads\/2023\/12\/deep-dive-LANDING.jpg\" class=\"bg attachment- size-\" alt=\"\" \/>\t\t\t\t\t\t<button class=\"scroll-for-more z-5 icon absolute bottom h-center\" aria-label=\"Scroll for more\"><i class=\"icon-angle-down\" style=\"font-size:42px;\" ><\/i><\/button>\n\t\t\t\n\t<div class=\"is-border\"\n\t\tstyle=\"border-width:0px 0px 0px 0px;margin:0px 0px 0px 0px;\">\n\t<\/div>\n\n\t\t<\/div>\n\n\t\t\n\n\t\t<div class=\"section-content relative\">\n\t\t\t\n\n<div class=\"row row-large align-middle\"  id=\"row-1878482877\">\n\n\n\t<div id=\"col-1099552650\" class=\"col medium-6 small-12 large-6\"  >\n\t\t\t\t<div class=\"col-inner text-left\"  >\n\t\t\t\n\t\t\t\n\n\t<div id=\"text-1505950283\" class=\"text\">\n\t\t\n\n<h1><span style=\"color: #808080;\"><b>Live Online or Residential<\/b><\/span><\/h1>\n<h1><span style=\"color: #808080;\"><b>Sri Sri Yoga Deep Dive Retreat<\/b><\/span><\/h1>\n<p class=\"p1\"><span style=\"color: #808080; font-size: 100%;\"><b>Online: 3.5 days | Residential: 5 days<\/b><\/span><\/p>\n<p class=\"thin-font\"><span style=\"font-size: 110%; color: #808080;\">A deep and powerful detox retreat for authentic yogis. As the body undergoes cleansing, the mind naturally attains stillness. Throughout this retreat, you&#8217;ll experience profound inner silence.<\/span><\/p>\n\t\t\n<style>\n#text-1505950283 {\n  font-size: 1rem;\n  line-height: 1.75;\n}\n<\/style>\n\t<\/div>\n\t\n\t<div id=\"gap-1075067764\" class=\"gap-element clearfix\" style=\"display:block; height:auto;\">\n\t\t\n<style>\n#gap-1075067764 {\n  padding-top: 30px;\n}\n<\/style>\n\t<\/div>\n\t\n\n<a href=\"#courselisting\" class=\"button primary\"  style=\"border-radius:99px;\">\n\t\t<span>I'm interested<\/span>\n\t<\/a>\n\n\n\n\t\t<\/div>\n\t\t\t\t\t<\/div>\n\n\t\n\n<\/div>\n\n\t\t<\/div>\n\n\t\t\n<style>\n#section_444267158 {\n  padding-top: 100px;\n  padding-bottom: 100px;\n  min-height: 500px;\n  background-color: rgb(255, 255, 255);\n}\n#section_444267158 .section-bg img {\n  object-position: 42% 6%;\n}\n<\/style>\n\t<\/section>\n\t\n\n\t<section class=\"section\" id=\"section_502881846\">\n\t\t<div class=\"section-bg fill\" >\n\t\t\t\t\t\t\t\t\t\n\t\t\t\n\t<div class=\"is-border\"\n\t\tstyle=\"border-color:rgb(235, 235, 235);border-width:0px 0px 0px 0px;\">\n\t<\/div>\n\n\t\t<\/div>\n\n\t\t\n\n\t\t<div class=\"section-content relative\">\n\t\t\t\n\n\t<div id=\"gap-1209919344\" class=\"gap-element clearfix\" style=\"display:block; height:auto;\">\n\t\t\n<style>\n#gap-1209919344 {\n  padding-top: 30px;\n}\n<\/style>\n\t<\/div>\n\t\n\n<div class=\"row row-large align-center\"  id=\"row-1699545241\">\n\n\n\t<div id=\"col-665544631\" class=\"col medium-6 small-12 large-6\"  >\n\t\t\t\t<div class=\"col-inner text-center\"  >\n\t\t\t\n\t\t\t\n\n<h2 style=\"text-align: left; color: #f17523; font-size: 130%;\"><strong>What You Will Experience<\/strong><\/h2>\n<p style=\"text-align: left;\">\nThe Sri Sri Yoga Deep Dive is a specially designed retreat that includes advanced yogic detox processes with a profound impact on both body and mind.\n<\/p>\n<p style=\"text-align: left;\">\nAs the body is cleansed, the mind comes to stillness. And when the mind becomes silent, a rest deeper than the deepest sleep arises \u2014 that is <em>samadhi<\/em>.\n<\/p>\n<p style=\"text-align: left;\">\nRooted in thousands of years of Vedic wisdom, the retreat guides you through powerful pranayamas, guided meditations, and special cleansing processes that remove blockages from both the physical and subtle bodies. It is a journey of purification, rejuvenation, and returning to your own source.\n<\/p>\n<p style=\"text-align: left;\">\nThe Deep Dive is not only a reset \u2014 it is a reaffirmation of your commitment to yoga, and to yourself. The inner expansion you touch will stay with you long after the retreat ends.\n<\/p>\n<p style=\"text-align: left;\"><strong>For stable and deep progress on the spiritual path, this retreat is a sacred step forward.<\/strong><\/p>\n\n\t\t<\/div>\n\t\t\t\t\t<\/div>\n\n\t\n\n\t<div id=\"col-11780933\" class=\"col medium-6 small-12 large-6\"  >\n\t\t\t\t<div class=\"col-inner text-center\"  >\n\t\t\t\n\t\t\t\n\n<h2 style=\"text-align: left; color: #f17523; font-size: 130%;\"><strong>A Life-transforming Journey<br \/><\/strong><\/h2>\n<div class=\"video video-fit mb\" style=\"padding-top:56.25%;\"><iframe loading=\"lazy\" title=\"Deep Dive INTRO\" width=\"1020\" height=\"574\" src=\"https:\/\/www.youtube.com\/embed\/LbRA5jqAz8M?feature=oembed\" frameborder=\"0\" allow=\"accelerometer; autoplay; clipboard-write; encrypted-media; gyroscope; picture-in-picture; web-share\" allowfullscreen><\/iframe><\/div>\n\n<p style=\"text-align: left;\">Note: the above video describes the 7 days Deep Dive retreat, which is our longest retreat format. Scroll down to see our online and residential  formats.<\/p>\n\n\t\t<\/div>\n\t\t\t\t\t<\/div>\n\n\t\n\n<\/div>\n\n\t\t<\/div>\n\n\t\t\n<style>\n#section_502881846 {\n  padding-top: 0px;\n  padding-bottom: 0px;\n  margin-bottom: 0px;\n}\n<\/style>\n\t<\/section>\n\t\n\n\t<section class=\"section\" id=\"section_677114478\">\n\t\t<div class=\"section-bg fill\" >\n\t\t\t\t\t\t\t\t\t\n\t\t\t\n\t<div class=\"is-border\"\n\t\tstyle=\"border-color:rgb(235, 235, 235);border-width:0px 0px 0px 0px;\">\n\t<\/div>\n\n\t\t<\/div>\n\n\t\t\n\n\t\t<div class=\"section-content relative\">\n\t\t\t\n\n\n\n<div id=\"courselisting\"><\/div>\n\n<span class=\"scroll-to\" data-label=\"Scroll to: #courselisting\" data-bullet=\"true\" data-link=\"#courselisting\" data-title=\"Course listing\" ><a name=\"courselisting\"><\/a><\/span>\n\n\n\n<!-- \ud83d\udccd Anchor for scrolling -->\n<div id=\"courselisting\"><\/div>\n\n<!-- \ud83d\udd38 Embedded Deep Dive Form -->\n<div id=\"form-container\">\n  <script type=\"text\/javascript\" src=\"https:\/\/pci.jotform.com\/form\/252444763071355\"><\/script>\n<\/div>\n\n<!-- \u2728 Styled thank-you message -->\n<div id=\"thankyou-message\" style=\"\n  display: none;\n  max-width: 700px;\n  margin: 40px auto;\n  padding: 40px 30px;\n  border: 1px solid #f17523;\n  border-radius: 16px;\n  background-color: #fffaf5;\n  text-align: center;\n  box-shadow: 0 4px 20px rgba(241, 117, 35, 0.08);\n\">\n  <h2 style=\"color: #333; margin-bottom: 10px;\">\u2728 Thank you for registering!<\/h2>\n  <p style=\"font-size: 18px; line-height: 1.6; color: #555;\">\n    You\u2019ll receive a confirmation email shortly with all the retreat details.<br\/>\n    We look forward to diving deep together.\n  <\/p>\n<\/div>\n\n<!-- \ud83d\udd27 Show thank-you message after redirect -->\n<script>\n  document.addEventListener(\"DOMContentLoaded\", function () {\n    const params = new URLSearchParams(window.location.search);\n    const form = document.getElementById(\"form-container\");\n    const thankyou = document.getElementById(\"thankyou-message\");\n\n    if (params.get(\"thankyou\") === \"1\") {\n      if (form && thankyou) {\n        form.style.display = \"none\";\n        thankyou.style.display = \"block\";\n        document.getElementById(\"courselisting\").scrollIntoView({ behavior: \"smooth\" });\n      }\n    }\n  });\n<\/script>\n\n\t<div id=\"gap-852795662\" class=\"gap-element clearfix\" style=\"display:block; height:auto;\">\n\t\t\n<style>\n#gap-852795662 {\n  padding-top: 50px;\n}\n<\/style>\n\t<\/div>\n\t\n\n<div class=\"row row-large align-middle align-center\"  id=\"row-438983526\">\n\n\n\t<div id=\"col-521331389\" class=\"col medium-10 small-12 large-10\"  >\n\t\t\t\t<div class=\"col-inner text-center\"  >\n\t\t\t\n\t\t\t\n\n\t<div id=\"text-1086413683\" class=\"text\">\n\t\t\n\n<h2 style=\"text-align: left; color: #f17523; font-size: 130%;\"><strong>Retreat Formats &amp; Upcoming Dates<\/strong><\/h2>\n<p style=\"text-align: left;\">You can join the Sri Sri Yoga Deep Dive in two formats \u2014 from the comfort of your home or in a serene natural setting.<\/p>\n\t\t\n<style>\n#text-1086413683 {\n  text-align: left;\n}\n<\/style>\n\t<\/div>\n\t\n\t<div id=\"gap-2022905840\" class=\"gap-element clearfix\" style=\"display:block; height:auto;\">\n\t\t\n<style>\n#gap-2022905840 {\n  padding-top: 30px;\n}\n<\/style>\n\t<\/div>\n\t\n\n<div class=\"row\"  id=\"row-357165791\">\n\n\n\t<div id=\"col-820667721\" class=\"col small-12 large-12\"  >\n\t\t\t\t<div class=\"col-inner\"  >\n\t\t\t\n\t\t\t\n\n<a href=\"https:\/\/srisrischoolofyoga.org\/eu\/deep-dive-form-scandinavia\/\" target=\"_blank\" class=\"button primary hidden\" rel=\"noopener\"  style=\"border-radius:99px;\">\n\t\t<span>REGISTER FOR ONLINE<\/span>\n\t<\/a>\n\n\n\n\t\t<\/div>\n\t\t\t\t\t<\/div>\n\n\t\n\n<\/div>\n<div class=\"row\"  id=\"row-559429934\">\n\n\n\t<div id=\"col-1521103872\" class=\"col small-12 large-12\"  >\n\t\t\t\t<div class=\"col-inner\"  >\n\t\t\t\n\t\t\t\n\n\t<div id=\"text-2255557471\" class=\"text\">\n\t\t\n\n<div style=\"border: 1px solid #f17523; padding: 15px; margin-bottom: 20px;\">\n<h3 style=\"margin-top: 0;\"><strong>\ud83e\uddd8\u200d\u2642\ufe0f Residential Retreat<\/strong><\/h3>\n<p><strong>18 &#8211; 22 April 2026<\/strong><br \/>Saturday 18:00 to Wednesday 13:00<br \/>With <strong>Britta Steiger<\/strong>, Art of Living International Center, Bad Antogast 1, Oppenau, Germany.<br \/>Email: <a href=\"mailto:europe@srisrischoolofyoga.org\">europe@srisrischoolofyoga.org<\/a> <a href=\"mailto:info@artofliving.de\">info@artofliving.de<\/a><br \/>Phone: +491608082391<\/p>\n<\/div>\n\t\t\n<style>\n#text-2255557471 {\n  text-align: left;\n}\n<\/style>\n\t<\/div>\n\t\n<a href=\"https:\/\/srisrischoolofyoga.org\/eu\/deep-dive-online-form\/\" target=\"_blank\" class=\"button primary hidden\" rel=\"noopener\"  style=\"border-radius:99px;\">\n\t\t<span>REGISTER FOR ONLINE<\/span>\n\t<\/a>\n\n\n\n\t\t<\/div>\n\t\t\t\t\t<\/div>\n\n\t\n\n<\/div>\n<div class=\"row\"  id=\"row-454997737\">\n\n\n\t<div id=\"col-611679276\" class=\"col small-12 large-12\"  >\n\t\t\t\t<div class=\"col-inner\"  >\n\t\t\t\n\t\t\t\n\n\t<div id=\"text-2596916549\" class=\"text\">\n\t\t\n\n<div style=\"border: 1px solid #f17523; padding: 15px; margin-bottom: 20px;\">\n<h3 style=\"margin-top: 0;\"><strong>\ud83e\uddd8\u200d\u2642\ufe0f Residential Retreat<\/strong><\/h3>\n<p><strong>6 &#8211; 10 May 2026<\/strong><br \/>Starts 6 May at 18.00 ends Sunday 10 May at 13:00<br \/>With <strong>Swami Divyatej<\/strong>, senior Art of Living teacher with worldwide experience, sharing authentic spiritual wisdom.<br \/>Kirk\u0161nov\u0117 Darbut\u0173 k. 2 Raseini\u0173 r. LT-60205 Lithuania.<br \/>Email: <a href=\"mailto:karolina@artofliving.lt\">karolina@artofliving.lt<\/a> <br \/>Phone: Carolina +370 674 55159<\/p>\n<\/div>\n\t\t\n<style>\n#text-2596916549 {\n  text-align: left;\n}\n<\/style>\n\t<\/div>\n\t\n<a href=\"https:\/\/srisrischoolofyoga.org\/eu\/deep-dive-online-form\/\" target=\"_blank\" class=\"button primary hidden\" rel=\"noopener\"  style=\"border-radius:99px;\">\n\t\t<span>REGISTER FOR ONLINE<\/span>\n\t<\/a>\n\n\n\n\t\t<\/div>\n\t\t\t\t\t<\/div>\n\n\t\n\n<\/div>\n<div class=\"row\"  id=\"row-1166686552\">\n\n\n\t<div id=\"col-164517760\" class=\"col small-12 large-12\"  >\n\t\t\t\t<div class=\"col-inner\"  >\n\t\t\t\n\t\t\t\n\n\t<div id=\"text-2227947669\" class=\"text\">\n\t\t\n\n<div style=\"border: 1px solid #f17523; padding: 15px; margin-bottom: 20px;\">\n<h3 style=\"margin-top: 0;\"><strong>\ud83e\uddd8\u200d\u2642\ufe0f Residential Retreat<\/strong><\/h3>\n<p><strong>6 &#8211; 10 May 2026<\/strong><br \/>With <strong>Dr. Tahir Sharief<\/strong>, medical doctor &amp; senior Sri Sri Yoga teacher (20+ years experience)<br \/>Landgoed Mari\u00ebnkroon (former monastery), North Brabant, The Netherlands<br \/>\u20ac895 all-inclusive \u00b7 5 days<br \/>Email: <a href=\"mailto:admin@aofl.nl\">admin@aofl.nl<\/a><\/p>\n<\/div>\n\t\t\n<style>\n#text-2227947669 {\n  text-align: left;\n}\n<\/style>\n\t<\/div>\n\t\n<a href=\"https:\/\/srisrischoolofyoga.org\/eu\/deep-dive-online-form\/\" target=\"_blank\" class=\"button primary hidden\" rel=\"noopener\"  style=\"border-radius:99px;\">\n\t\t<span>REGISTER FOR ONLINE<\/span>\n\t<\/a>\n\n\n\n\t\t<\/div>\n\t\t\t\t\t<\/div>\n\n\t\n\n<\/div>\n<div class=\"row\"  id=\"row-142599510\">\n\n\n\t<div id=\"col-1017186379\" class=\"col small-12 large-12\"  >\n\t\t\t\t<div class=\"col-inner\"  >\n\t\t\t\n\t\t\t\n\n\t<div id=\"text-555446623\" class=\"text\">\n\t\t\n\n<div style=\"border: 1px solid #f17523; padding: 15px; margin-bottom: 20px;\">\n<h3 style=\"margin-top: 0;\"><strong>\ud83e\uddd8\u200d\u2642\ufe0f Residential Retreat<\/strong><\/h3>\n<p><strong>25 &#8211; 29 November 2026<\/strong><br \/>Wednesday 18:00 to Sunday 13:00<br \/>With <strong>Britta Steiger<\/strong>, Art of Living International Center, Bad Antogast 1, Oppenau, Germany.<br \/>Email: <a href=\"mailto:europe@srisrischoolofyoga.org\">europe@srisrischoolofyoga.org<\/a> <a href=\"mailto:info@artofliving.de\">info@artofliving.de<\/a><br \/>Phone: +491608082391<\/p>\n<\/div>\n\t\t\n<style>\n#text-555446623 {\n  text-align: left;\n}\n<\/style>\n\t<\/div>\n\t\n<a href=\"https:\/\/srisrischoolofyoga.org\/eu\/deep-dive-online-form\/\" target=\"_blank\" class=\"button primary hidden\" rel=\"noopener\"  style=\"border-radius:99px;\">\n\t\t<span>REGISTER FOR ONLINE<\/span>\n\t<\/a>\n\n\n\n\t\t<\/div>\n\t\t\t\t\t<\/div>\n\n\t\n\n<\/div>\n<div class=\"row\"  id=\"row-878521662\">\n\n\n<\/div>\n\t<div id=\"gap-1204461450\" class=\"gap-element clearfix\" style=\"display:block; height:auto;\">\n\t\t\n<style>\n#gap-1204461450 {\n  padding-top: 30px;\n}\n<\/style>\n\t<\/div>\n\t\n\n\n\n\t\t<\/div>\n\t\t\t\t\t<\/div>\n\n\t\n\n<\/div>\n\t<div id=\"ux-lottie-3554465302\" class=\"ux-lottie\" >\n\t\t\t\t<lottie-player class=\"ux-lottie__player\" data-params=\"{&quot;src&quot;:&quot;https:\\\/\\\/srisrischoolofyoga.org\\\/eu\\\/wp-content\\\/uploads\\\/2023\\\/12\\\/Deep-Dive-small-1.json&quot;,&quot;loop&quot;:true,&quot;autoplay&quot;:true,&quot;controls&quot;:false,&quot;speed&quot;:&quot;1&quot;,&quot;direction&quot;:1,&quot;trigger&quot;:&quot;&quot;,&quot;mouseout&quot;:&quot;&quot;,&quot;start&quot;:0,&quot;end&quot;:100,&quot;scrollActionType&quot;:&quot;seek&quot;,&quot;visibilityStart&quot;:0,&quot;visibilityEnd&quot;:100,&quot;id&quot;:&quot;ux-lottie-3554465302&quot;}\" ><\/lottie-player>\n\t\t\t\t\n<style>\n#ux-lottie-3554465302 {\n  width: 100%;\n  height: 300px;\n}\n<\/style>\n\t<\/div>\n\t\n\n\t<div id=\"gap-350380188\" class=\"gap-element clearfix\" style=\"display:block; height:auto;\">\n\t\t\n<style>\n#gap-350380188 {\n  padding-top: 30px;\n}\n<\/style>\n\t<\/div>\n\t\n\n\n\t\t<\/div>\n\n\t\t\n<style>\n#section_677114478 {\n  padding-top: 0px;\n  padding-bottom: 0px;\n  margin-bottom: 0px;\n}\n<\/style>\n\t<\/section>\n\t\n\n\t<section class=\"section\" id=\"section_741054969\">\n\t\t<div class=\"section-bg fill\" >\n\t\t\t\t\t\t\t\t\t\n\t\t\t\n\t<div class=\"is-border\"\n\t\tstyle=\"border-color:rgb(235, 235, 235);border-width:0px 0px 0px 0px;\">\n\t<\/div>\n\n\t\t<\/div>\n\n\t\t\n\n\t\t<div class=\"section-content relative\">\n\t\t\t\n\n\t<div id=\"gap-1032451116\" class=\"gap-element clearfix\" style=\"display:block; height:auto;\">\n\t\t\n<style>\n#gap-1032451116 {\n  padding-top: 30px;\n}\n<\/style>\n\t<\/div>\n\t\n\n<div class=\"row row-large align-middle align-center\"  id=\"row-1397285669\">\n\n\n\t<div id=\"col-465753333\" class=\"col medium-10 small-12 large-10\"  >\n\t\t\t\t<div class=\"col-inner text-left\"  >\n\t\t\t\n\t\t\t\n\n<h2 style=\"color: #f17523; font-size: 130%; text-align: center;\"><strong>FAQ<\/strong><\/h2>\n<div class=\"accordion\">\n\n\t<div id=\"accordion-2493869269\" class=\"accordion-item\">\n\t\t<a id=\"accordion-2493869269-label\" class=\"accordion-title plain\" href=\"#accordion-item-\ud83d\uddd3\ufe0f-what-is-the-schedule-of-the-retreat?\" aria-expanded=\"false\" aria-controls=\"accordion-2493869269-content\" >\n\t\t\t<button class=\"toggle\" aria-label=\"Toggle\"><i class=\"icon-angle-down\"><\/i><\/button>\n\t\t\t<span>\ud83d\uddd3\ufe0f What is the schedule of the retreat?<\/span>\n\t\t<\/a>\n\t\t<div id=\"accordion-2493869269-content\" class=\"accordion-inner\" aria-labelledby=\"accordion-2493869269-label\" >\n\t\t\t\n\n<p style=\"text-align: left;\">The retreat schedule varies depending on the format:<\/p>\n<ul>\n<li><strong>Online Deep Dive<\/strong> runs for <strong>3.5 days<\/strong>, starting on <strong>Thursday evening and ending Sunday afternoon<\/strong>.<\/li>\n<li><strong>Residential Deep Dive<\/strong> is a <strong>5-day program<\/strong>, typically from <strong>Wednesday evening to Sunday lunch <\/strong>or other holiday dates, depending on the location.<\/li>\n<\/ul>\n<p style=\"text-align: left;\">Each day includes <strong>two asana practices, deep guided meditations, powerful cleansing techniques, and ancient Vedic wisdom<\/strong>, all designed to support inner transformation. The schedule also allows time for <strong>healthy meals and breaks<\/strong> to fully integrate the experience.<\/p>\n\n\t\t<\/div>\n\t<\/div>\n\t\n\t<div id=\"accordion-2608305005\" class=\"accordion-item\">\n\t\t<a id=\"accordion-2608305005-label\" class=\"accordion-title plain\" href=\"#accordion-item-\u2705-what-are-the-prerequisites?\" aria-expanded=\"false\" aria-controls=\"accordion-2608305005-content\" >\n\t\t\t<button class=\"toggle\" aria-label=\"Toggle\"><i class=\"icon-angle-down\"><\/i><\/button>\n\t\t\t<span>\u2705 What are the prerequisites?<\/span>\n\t\t<\/a>\n\t\t<div id=\"accordion-2608305005-content\" class=\"accordion-inner\" aria-labelledby=\"accordion-2608305005-label\" >\n\t\t\t\n\n<p style=\"text-align: left;\">To attend, you must have learned the <strong>Sudarshan Kriya breathing technique<\/strong> in an official <strong>Art of Living<\/strong> program. If you haven\u2019t yet, we can help you find a suitable course before the retreat to ensure you are fully prepared for the deep practices ahead.<\/p>\n\n\t\t<\/div>\n\t<\/div>\n\t\n\t<div id=\"accordion-844612296\" class=\"accordion-item\">\n\t\t<a id=\"accordion-844612296-label\" class=\"accordion-title plain\" href=\"#accordion-item-\ud83d\udcb0-how-much-does-it-cost?\" aria-expanded=\"false\" aria-controls=\"accordion-844612296-content\" >\n\t\t\t<button class=\"toggle\" aria-label=\"Toggle\"><i class=\"icon-angle-down\"><\/i><\/button>\n\t\t\t<span>\ud83d\udcb0 How much does it cost?<\/span>\n\t\t<\/a>\n\t\t<div id=\"accordion-844612296-content\" class=\"accordion-inner\" aria-labelledby=\"accordion-844612296-label\" >\n\t\t\t\n\n<p style=\"text-align: left;\">An online Deep Dive costs 390\u20ac, or less depending on the country of residence. For the residential option, additional costs for accommodation, food, and venue fees apply, varying by location.<\/p>\n\n\t\t<\/div>\n\t<\/div>\n\t\n\t<div id=\"accordion-3040408661\" class=\"accordion-item\">\n\t\t<a id=\"accordion-3040408661-label\" class=\"accordion-title plain\" href=\"#accordion-item-\ud83e\uddd8-what-will-i-learn-and-practise?\" aria-expanded=\"false\" aria-controls=\"accordion-3040408661-content\" >\n\t\t\t<button class=\"toggle\" aria-label=\"Toggle\"><i class=\"icon-angle-down\"><\/i><\/button>\n\t\t\t<span>\ud83e\uddd8 What will I learn and practise?<\/span>\n\t\t<\/a>\n\t\t<div id=\"accordion-3040408661-content\" class=\"accordion-inner\" aria-labelledby=\"accordion-3040408661-label\" >\n\t\t\t\n\n<ul style=\"text-align: left;\">\n<li>Deep, vigorous yet gentle asana sessions led by highly experienced international Yoga Teachers<\/li>\n<li>Deep meditations to explore the silence within<\/li>\n<li>Powerful pranayamas like Sheetali, Sheetkari, Nadi Shodana, Kapalabhati, Agnisara, Bhramari, etc.<\/li>\n<li>Physical and emotional cleansing techniques like (Laghu) Shankh Prakshalan and Jal Neti<\/li>\n<li>Meditative practices like SSAHC (Subtle Strengthening and Healing Contractions \u2013 a fascinating process!)<\/li>\n<li>Deeper understanding of ancient yogic scriptures and yogic lifestyle<\/li>\n<li>A peaceful and joyful atmosphere where you can safely explore your own depth under the nurturing guidance of our teachers<\/li>\n<li>A life-transforming experience that you will never forget!<\/li>\n<\/ul>\n\n\t\t<\/div>\n\t<\/div>\n\t\n\n<\/div>\n\n\t\t<\/div>\n\t\t\t\t\t<\/div>\n\n\t\n\n<\/div>\n\n\t\t<\/div>\n\n\t\t\n<style>\n#section_741054969 {\n  padding-top: 0px;\n  padding-bottom: 0px;\n  margin-bottom: 0px;\n  background-color: rgb(244, 223, 177);\n}\n<\/style>\n\t<\/section>\n\t\n\n\t<section class=\"section\" id=\"section_1568384561\">\n\t\t<div class=\"section-bg fill\" >\n\t\t\t\t\t\t\t\t\t\n\t\t\t\n\t<div class=\"is-border\"\n\t\tstyle=\"border-color:rgb(235, 235, 235);border-width:0px 0px 0px 0px;\">\n\t<\/div>\n\n\t\t<\/div>\n\n\t\t\n\n\t\t<div class=\"section-content relative\">\n\t\t\t\n\n\t<div id=\"gap-640499845\" class=\"gap-element clearfix\" style=\"display:block; height:auto;\">\n\t\t\n<style>\n#gap-640499845 {\n  padding-top: 50px;\n}\n<\/style>\n\t<\/div>\n\t\n\n<div class=\"row\"  id=\"row-926340251\">\n\n\n\t<div id=\"col-2145360600\" class=\"col small-12 large-12\"  >\n\t\t\t\t<div class=\"col-inner\"  >\n\t\t\t\n\t\t\t\n\n<h2 style=\"text-align: center;\"><span style=\"color: #fff; font-size: 150%;\"><b>Happy participants share<\/b><\/span><\/h2>\n\n\t\t<\/div>\n\t\t\t\t\t<\/div>\n\n\t\n\n<\/div>\n<div class=\"row\"  id=\"row-727575809\">\n\n\n\t<div id=\"col-1411045533\" class=\"col medium-3 small-6 large-3\"  >\n\t\t\t\t<div class=\"col-inner\"  >\n\t\t\t\n\t\t\t\n\n\t<div id=\"text-2548911829\" class=\"text\">\n\t\t\n\n<p style=\"color: #fff;\"><span style=\"font-size: 100%;\"><em>Before joining this class, I used to experience giddiness, vomiting, palpitations, and my blood pressure used to go up to 96-100\/ min. Now, I feel good. All my problems of feeling giddy and palpitations have disappeared.<\/em><\/span><\/p>\n<p style=\"text-align: right; font-size: 80%; color: #fff;\"><span style=\"font-size: 100%;\">Rupali S. Naik, India<\/span><\/p>\n\t\t\n<style>\n#text-2548911829 {\n  text-align: left;\n}\n<\/style>\n\t<\/div>\n\t\n\n\t\t<\/div>\n\t\t\t\t\t<\/div>\n\n\t\n\n\t<div id=\"col-196469371\" class=\"col medium-3 small-6 large-3\"  >\n\t\t\t\t<div class=\"col-inner\"  >\n\t\t\t\n\t\t\t\n\n\t<div id=\"text-1759658882\" class=\"text\">\n\t\t\n\n<p style=\"color: #fff;\"><em>I wasn\u2019t sure if Sri Sri Yoga was the \u2018real thing\u2019 for me. Going through these exercises and meditation was like the dawning of a new day: a lot of light and happiness. Now I feel very grateful and happy. A unique experience.<\/em><\/p>\n<p style=\"text-align: right; font-size: 80%; color: #fff\">Iva Tomic, Croatia<\/p>\n\t\t\n<style>\n#text-1759658882 {\n  text-align: left;\n}\n<\/style>\n\t<\/div>\n\t\n\n\t\t<\/div>\n\t\t\t\t\t<\/div>\n\n\t\n\n\t<div id=\"col-330482882\" class=\"col medium-3 small-6 large-3\"  >\n\t\t\t\t<div class=\"col-inner\"  >\n\t\t\t\n\t\t\t\n\n\t<div id=\"text-2644903959\" class=\"text\">\n\t\t\n\n<p style=\"color: #fff;\"><em>I simply LOVED the Sri Sri Yoga Deep Dive. For anyone who hasn\u2019t done it, highly recommended! I had such deep meditations from all the processes we did. It was really silence in activity. Such a beautiful Yoga program<\/em> \u2764\ufe0f<\/p>\n<p style=\"text-align: right; font-size: 80%; color: #fff\">Divya Dimple, Germany<\/p>\n\t\t\n<style>\n#text-2644903959 {\n  text-align: left;\n}\n<\/style>\n\t<\/div>\n\t\n\n\t\t<\/div>\n\t\t\t\t\t<\/div>\n\n\t\n\n\t<div id=\"col-1921729633\" class=\"col medium-3 small-6 large-3\"  >\n\t\t\t\t<div class=\"col-inner\"  >\n\t\t\t\n\t\t\t\n\n\t<div id=\"text-2113233800\" class=\"text\">\n\t\t\n\n<p style=\"color: #fff;\"><em>I thought it would be yoga and meditation; the powerful cleansing processes were a surprise! I felt so fresh afterwards. Now, I feel lighter and more connected to myself. In this special times this kind of courses are super important.<\/em><\/p>\n<p style=\"text-align: right; font-size: 80%; color: #fff\">Viktoria Stepanenko, Spain<\/p>\n\t\t\n<style>\n#text-2113233800 {\n  text-align: left;\n}\n<\/style>\n\t<\/div>\n\t\n\n\t\t<\/div>\n\t\t\t\t\t<\/div>\n\n\t\n\n<\/div>\n\n\t\t<\/div>\n\n\t\t\n<style>\n#section_1568384561 {\n  padding-top: 0px;\n  padding-bottom: 0px;\n  margin-bottom: 0px;\n  background-color: rgb(92, 210, 194);\n}\n<\/style>\n\t<\/section>\n\t\n\n","protected":false},"excerpt":{"rendered":"","protected":false},"author":1185,"featured_media":0,"parent":0,"menu_order":0,"comment_status":"closed","ping_status":"closed","template":"page-blank.php","meta":{"footnotes":""},"class_list":["post-21892","page","type-page","status-publish","hentry"],"_links":{"self":[{"href":"https:\/\/srisrischoolofyoga.org\/eu\/wp-json\/wp\/v2\/pages\/21892","targetHints":{"allow":["GET"]}}],"collection":[{"href":"https:\/\/srisrischoolofyoga.org\/eu\/wp-json\/wp\/v2\/pages"}],"about":[{"href":"https:\/\/srisrischoolofyoga.org\/eu\/wp-json\/wp\/v2\/types\/page"}],"author":[{"embeddable":true,"href":"https:\/\/srisrischoolofyoga.org\/eu\/wp-json\/wp\/v2\/users\/1185"}],"replies":[{"embeddable":true,"href":"https:\/\/srisrischoolofyoga.org\/eu\/wp-json\/wp\/v2\/comments?post=21892"}],"version-history":[{"count":268,"href":"https:\/\/srisrischoolofyoga.org\/eu\/wp-json\/wp\/v2\/pages\/21892\/revisions"}],"predecessor-version":[{"id":27604,"href":"https:\/\/srisrischoolofyoga.org\/eu\/wp-json\/wp\/v2\/pages\/21892\/revisions\/27604"}],"wp:attachment":[{"href":"https:\/\/srisrischoolofyoga.org\/eu\/wp-json\/wp\/v2\/media?parent=21892"}],"curies":[{"name":"wp","href":"https:\/\/api.w.org\/{rel}","templated":true}]}}