{"id":18472,"date":"2022-06-10T23:39:21","date_gmt":"2022-06-10T21:39:21","guid":{"rendered":"https:\/\/srisrischoolofyoga.org\/eu\/?page_id=18472"},"modified":"2022-06-16T18:30:41","modified_gmt":"2022-06-16T16:30:41","slug":"festival-2022","status":"publish","type":"page","link":"https:\/\/srisrischoolofyoga.org\/eu\/festival-2022\/","title":{"rendered":"Online Yoga Festival 2022 &#8211; schedule"},"content":{"rendered":"\n\n\t<section class=\"section\" id=\"section_1759679402\">\n\t\t<div class=\"section-bg fill\" >\n\t\t\t\t\t\t\t\t\t\n\t\t\t\n\n\t\t<\/div>\n\n\t\t\n\n\t\t<div class=\"section-content relative\">\n\t\t\t\n\n\t<div id=\"gap-1393235799\" class=\"gap-element clearfix\" style=\"display:block; height:auto;\">\n\t\t\n<style>\n#gap-1393235799 {\n  padding-top: 30px;\n}\n<\/style>\n\t<\/div>\n\t\n\n\n\t\t<\/div>\n\n\t\t\n<style>\n#section_1759679402 {\n  padding-top: 0px;\n  padding-bottom: 0px;\n}\n<\/style>\n\t<\/section>\n\t\n\t<div id=\"gap-706018621\" class=\"gap-element clearfix\" style=\"display:block; height:auto;\">\n\t\t\n<style>\n#gap-706018621 {\n  padding-top: 50px;\n}\n<\/style>\n\t<\/div>\n\t\n\n<div class=\"row\"  id=\"row-513477516\">\n\n\n\t<div id=\"col-1466975363\" class=\"col small-12 large-12\"  >\n\t\t\t\t<div class=\"col-inner\"  >\n\t\t\t\n\t\t\t\n\n<div class=\"row\"  id=\"row-733315078\">\n\n\n\t<div id=\"col-1479484369\" class=\"col small-12 large-12\"  >\n\t\t\t\t<div class=\"col-inner\"  >\n\t\t\t\n\t\t\t\n\n<h1 style=\"text-align: center;\">Yoga Festival Program 2022<\/h1>\n<h4 style=\"text-align: center;\"><span data-sheets-value=\"{&quot;1&quot;:2,&quot;2&quot;:&quot;14:30-15:45&quot;}\" data-sheets-userformat=\"{&quot;2&quot;:1021,&quot;3&quot;:{&quot;1&quot;:0},&quot;5&quot;:{&quot;1&quot;:&#091;{&quot;1&quot;:2,&quot;2&quot;:0,&quot;5&quot;:{&quot;1&quot;:2,&quot;2&quot;:0}},{&quot;1&quot;:0,&quot;2&quot;:0,&quot;3&quot;:3},{&quot;1&quot;:1,&quot;2&quot;:0,&quot;4&quot;:1}&#093;},&quot;6&quot;:{&quot;1&quot;:&#091;{&quot;1&quot;:2,&quot;2&quot;:0,&quot;5&quot;:{&quot;1&quot;:2,&quot;2&quot;:0}},{&quot;1&quot;:0,&quot;2&quot;:0,&quot;3&quot;:3},{&quot;1&quot;:1,&quot;2&quot;:0,&quot;4&quot;:1}&#093;},&quot;7&quot;:{&quot;1&quot;:&#091;{&quot;1&quot;:2,&quot;2&quot;:0,&quot;5&quot;:{&quot;1&quot;:2,&quot;2&quot;:0}},{&quot;1&quot;:0,&quot;2&quot;:0,&quot;3&quot;:3},{&quot;1&quot;:1,&quot;2&quot;:0,&quot;4&quot;:1}&#093;},&quot;8&quot;:{&quot;1&quot;:&#091;{&quot;1&quot;:2,&quot;2&quot;:0,&quot;5&quot;:{&quot;1&quot;:2,&quot;2&quot;:0}},{&quot;1&quot;:0,&quot;2&quot;:0,&quot;3&quot;:3},{&quot;1&quot;:1,&quot;2&quot;:0,&quot;4&quot;:1}&#093;},&quot;9&quot;:1,&quot;10&quot;:1,&quot;11&quot;:4,&quot;12&quot;:0}\">14:00- 14:30 CEST: <\/span><strong>INAUGURATION<\/strong><\/h4>\n<h4 style=\"text-align: center;\"><span data-sheets-value=\"{&quot;1&quot;:2,&quot;2&quot;:&quot;14:30-15:45&quot;}\" data-sheets-userformat=\"{&quot;2&quot;:1021,&quot;3&quot;:{&quot;1&quot;:0},&quot;5&quot;:{&quot;1&quot;:&#091;{&quot;1&quot;:2,&quot;2&quot;:0,&quot;5&quot;:{&quot;1&quot;:2,&quot;2&quot;:0}},{&quot;1&quot;:0,&quot;2&quot;:0,&quot;3&quot;:3},{&quot;1&quot;:1,&quot;2&quot;:0,&quot;4&quot;:1}&#093;},&quot;6&quot;:{&quot;1&quot;:&#091;{&quot;1&quot;:2,&quot;2&quot;:0,&quot;5&quot;:{&quot;1&quot;:2,&quot;2&quot;:0}},{&quot;1&quot;:0,&quot;2&quot;:0,&quot;3&quot;:3},{&quot;1&quot;:1,&quot;2&quot;:0,&quot;4&quot;:1}&#093;},&quot;7&quot;:{&quot;1&quot;:&#091;{&quot;1&quot;:2,&quot;2&quot;:0,&quot;5&quot;:{&quot;1&quot;:2,&quot;2&quot;:0}},{&quot;1&quot;:0,&quot;2&quot;:0,&quot;3&quot;:3},{&quot;1&quot;:1,&quot;2&quot;:0,&quot;4&quot;:1}&#093;},&quot;8&quot;:{&quot;1&quot;:&#091;{&quot;1&quot;:2,&quot;2&quot;:0,&quot;5&quot;:{&quot;1&quot;:2,&quot;2&quot;:0}},{&quot;1&quot;:0,&quot;2&quot;:0,&quot;3&quot;:3},{&quot;1&quot;:1,&quot;2&quot;:0,&quot;4&quot;:1}&#093;},&quot;9&quot;:1,&quot;10&quot;:1,&quot;11&quot;:4,&quot;12&quot;:0}\">14:30-15:45 CEST: <\/span><strong>MAIN PANEL<\/strong><span data-sheets-value=\"{&quot;1&quot;:2,&quot;2&quot;:&quot;14:30-15:45&quot;}\" data-sheets-userformat=\"{&quot;2&quot;:1021,&quot;3&quot;:{&quot;1&quot;:0},&quot;5&quot;:{&quot;1&quot;:&#091;{&quot;1&quot;:2,&quot;2&quot;:0,&quot;5&quot;:{&quot;1&quot;:2,&quot;2&quot;:0}},{&quot;1&quot;:0,&quot;2&quot;:0,&quot;3&quot;:3},{&quot;1&quot;:1,&quot;2&quot;:0,&quot;4&quot;:1}&#093;},&quot;6&quot;:{&quot;1&quot;:&#091;{&quot;1&quot;:2,&quot;2&quot;:0,&quot;5&quot;:{&quot;1&quot;:2,&quot;2&quot;:0}},{&quot;1&quot;:0,&quot;2&quot;:0,&quot;3&quot;:3},{&quot;1&quot;:1,&quot;2&quot;:0,&quot;4&quot;:1}&#093;},&quot;7&quot;:{&quot;1&quot;:&#091;{&quot;1&quot;:2,&quot;2&quot;:0,&quot;5&quot;:{&quot;1&quot;:2,&quot;2&quot;:0}},{&quot;1&quot;:0,&quot;2&quot;:0,&quot;3&quot;:3},{&quot;1&quot;:1,&quot;2&quot;:0,&quot;4&quot;:1}&#093;},&quot;8&quot;:{&quot;1&quot;:&#091;{&quot;1&quot;:2,&quot;2&quot;:0,&quot;5&quot;:{&quot;1&quot;:2,&quot;2&quot;:0}},{&quot;1&quot;:0,&quot;2&quot;:0,&quot;3&quot;:3},{&quot;1&quot;:1,&quot;2&quot;:0,&quot;4&quot;:1}&#093;},&quot;9&quot;:1,&quot;10&quot;:1,&quot;11&quot;:4,&quot;12&quot;:0}\"><br \/><\/span><\/h4>\n<p style=\"text-align: left;\">\u00a0<\/p>\n<blockquote>\n<p style=\"text-align: left;\"><strong>Kamlesh Barwal, <\/strong><em>Beauty and wonder of regular meditation\u00a0\u00a0<\/em><\/p>\n<p style=\"text-align: left;\"><strong>Dinesh Kashikar, <em>Yogic wisdom off the mat<\/em><\/strong><\/p>\n<p style=\"text-align: left;\"><strong>Dr. Katrien Hertog, <\/strong><em>Stress management and resilience for communities affected by conflict and violence<\/em><\/p>\n<p style=\"text-align: left;\"><strong>Jakob Lund, <em>Power of subtle exercise for trauma relief<\/em><\/strong><\/p>\n<p style=\"text-align: left;\"><strong>Swami Purnachaitanya<\/strong>, <em>Mantras as an effective tool for mental health<\/em><\/p>\n<\/blockquote>\n\n\t\t<\/div>\n\t\t\t\t\t<\/div>\n\n\t\n\n<\/div>\n<div class=\"row\"  id=\"row-790853866\">\n\n\n\t<div id=\"col-836972309\" class=\"col small-12 large-12\"  >\n\t\t\t\t<div class=\"col-inner\"  >\n\t\t\t\n\t\t\t\n\n<h4 style=\"text-align: center;\"><strong>15:50 &#8211; 16:50 CEST: <\/strong><strong>ONE-HOUR WORKSHOPS<br \/><\/strong><\/h4>\n<p>\u00a0<\/p>\n<blockquote>\n<p style=\"text-align: left;\"><strong>Giorgio Minneci<\/strong>:\u00a0<em>Yoga to step out of the inner prison<br \/><\/em><br \/><strong>\u017dana Bari\u0161i\u0107-Do\u0161en &amp; Elles Smids<\/strong>:\u00a0<em>The future of education &#8211; yoga in schools<br \/><\/em><br \/><strong>Puja Handa &amp; Mrinalini Kochupillai<\/strong>:\u00a0<em>C O N N E C T &#8211; Yoga for University Students<\/em><em><br \/><\/em><br \/><strong>Sri Sri School of Yoga Faculty<\/strong>: <em>The core impact of asana &#8211; a tale for modern yogis<br \/><\/em><br \/><strong>Marcel Verbay<\/strong>:\u00a0<em>Understanding and practice of Mantra singing (practical workshop)<br \/><\/em><br \/><strong>Sri Sri Tattva Europe<\/strong>:\u00a0<em>Yoga and Ayurveda &#8211; sister sciences<br \/><\/em><br \/><strong>Alok Khandelwal<\/strong>:\u00a0<em>Co-relation of Vedic Astrology &amp; Yoga<\/em><\/p>\n<\/blockquote>\n\n\t\t<\/div>\n\t\t\t\t\t<\/div>\n\n\t\n\n<\/div>\n<div class=\"row\"  id=\"row-926780487\">\n\n\n\t<div id=\"col-1690630491\" class=\"col small-12 large-12\"  >\n\t\t\t\t<div class=\"col-inner\"  >\n\t\t\t\n\t\t\t\n\n<h4 style=\"text-align: center;\"><strong>17:00-17:30 CEST: <\/strong><strong>INTENTION SETTING<br \/>with School of Yoga<\/strong><\/h4>\n<p>\u00a0<\/p>\n<h4 style=\"text-align: center;\">17:30-18:00 CEST: CLOSING MEDITATION<br \/>with Swami Jaataveda<\/h4>\n<p>\u00a0<\/p>\n<h4 style=\"text-align: center;\">18:30-20:30 CEST: <b>EVENING CELEBRATIONS<br \/><\/b><\/h4>\n\n\t\t<\/div>\n\t\t\t\t\t<\/div>\n\n\t\n\n<\/div>\n<div class=\"row\"  id=\"row-1670096248\">\n\n\n\t<div id=\"col-206575787\" class=\"col small-12 large-12\"  >\n\t\t\t\t<div class=\"col-inner text-center\"  >\n\t\t\t\n\t\t\t\n\n<a href=\"https:\/\/srisrischoolofyoga.org\/eu\/yoga-festival-2022\/\" class=\"button primary\"  style=\"border-radius:99px;\">\n\t\t<span>BACK TO FESTIVAL PAGE<\/span>\n\t<\/a>\n\n\n\n\t\t<\/div>\n\t\t\t\t\t<\/div>\n\n\t\n\n<\/div>\n\n\t\t<\/div>\n\t\t\t\t\t<\/div>\n\n\t\n\n<\/div>\n<div class=\"row align-center\"  id=\"row-1804746576\">\n\n\n\t<div id=\"col-214230917\" class=\"col medium-10 small-6 large-10\"  >\n\t\t\t\t<div class=\"col-inner text-center\"  >\n\t\t\t\n\t\t\t\n\n\t<div class=\"img has-hover x md-x lg-x y md-y lg-y\" id=\"image_1051719711\">\n\t\t\t\t\t\t\t\t<div class=\"img-inner dark\" >\n\t\t\t<img loading=\"lazy\" decoding=\"async\" width=\"1020\" height=\"1020\" src=\"https:\/\/srisrischoolofyoga.org\/eu\/wp-content\/uploads\/2022\/06\/Main-Panel-1024x1024.jpeg\" class=\"attachment-large size-large\" alt=\"\" srcset=\"https:\/\/srisrischoolofyoga.org\/eu\/wp-content\/uploads\/2022\/06\/Main-Panel-1024x1024.jpeg 1024w, https:\/\/srisrischoolofyoga.org\/eu\/wp-content\/uploads\/2022\/06\/Main-Panel-300x300.jpeg 300w, https:\/\/srisrischoolofyoga.org\/eu\/wp-content\/uploads\/2022\/06\/Main-Panel-150x150.jpeg 150w, https:\/\/srisrischoolofyoga.org\/eu\/wp-content\/uploads\/2022\/06\/Main-Panel-768x768.jpeg 768w, https:\/\/srisrischoolofyoga.org\/eu\/wp-content\/uploads\/2022\/06\/Main-Panel-640x640.jpeg 640w, https:\/\/srisrischoolofyoga.org\/eu\/wp-content\/uploads\/2022\/06\/Main-Panel-510x510.jpeg 510w, https:\/\/srisrischoolofyoga.org\/eu\/wp-content\/uploads\/2022\/06\/Main-Panel-100x100.jpeg 100w, https:\/\/srisrischoolofyoga.org\/eu\/wp-content\/uploads\/2022\/06\/Main-Panel.jpeg 924w\" sizes=\"auto, (max-width: 1020px) 100vw, 1020px\" \/>\t\t\t\t\t\t\n\t\t\t\t\t<\/div>\n\t\t\t\t\t\t\t\t\n<style>\n#image_1051719711 {\n  width: 100%;\n}\n<\/style>\n\t<\/div>\n\t\n\n\n\t\t<\/div>\n\t\t\t\t\t<\/div>\n\n\t\n\n<\/div>\n<div class=\"row row-full-width align-middle align-center\"  id=\"row-798416001\">\n\n\n\t<div id=\"col-1075902457\" class=\"col medium-4 small-12 large-4\"  >\n\t\t\t\t<div class=\"col-inner\"  >\n\t\t\t\n\t\t\t\n\n<a href=\"https:\/\/srisrischoolofyoga.org\/eu\/yoga-festival-2020\/\" class=\"button primary is-link expand\"  >\n\t<i class=\"icon-angle-left\" aria-hidden=\"true\" ><\/i>\t<span>YOGA FESTIVAL 2020<\/span>\n\t<\/a>\n\n\n\n\t\t<\/div>\n\t\t\t\t\t<\/div>\n\n\t\n\n\t<div id=\"col-1610863198\" class=\"col medium-4 small-12 large-4\"  >\n\t\t\t\t<div class=\"col-inner\"  >\n\t\t\t\n\t\t\t\n\n<a href=\"https:\/\/srisrischoolofyoga.org\/eu\/yoga-festival-2021\/\" class=\"button primary is-link expand\"  >\n\t<i class=\"icon-angle-left\" aria-hidden=\"true\" ><\/i>\t<span>YOGA FESTIVAL 2021<\/span>\n\t<\/a>\n\n\n\n\t\t<\/div>\n\t\t\t\t\t<\/div>\n\n\t\n\n\t<div id=\"col-90613936\" class=\"col medium-4 small-12 large-4\"  >\n\t\t\t\t<div class=\"col-inner\"  >\n\t\t\t\n\t\t\t\n\n<a href=\"https:\/\/srisrischoolofyoga.org\/eu\/yoga-festival-2022\/\" class=\"button primary is-link expand\"  >\n\t\t<span>YOGA FESTIVAL 2022<\/span>\n\t<\/a>\n\n\n\n\t\t<\/div>\n\t\t\t\t\t<\/div>\n\n\t\n\n\n<style>\n#row-798416001 > .col > .col-inner {\n  padding: 0 0px 0px 0px;\n}\n<\/style>\n<\/div>\n\n","protected":false},"excerpt":{"rendered":"","protected":false},"author":10,"featured_media":0,"parent":0,"menu_order":0,"comment_status":"closed","ping_status":"closed","template":"","meta":{"footnotes":""},"class_list":["post-18472","page","type-page","status-publish","hentry"],"_links":{"self":[{"href":"https:\/\/srisrischoolofyoga.org\/eu\/wp-json\/wp\/v2\/pages\/18472","targetHints":{"allow":["GET"]}}],"collection":[{"href":"https:\/\/srisrischoolofyoga.org\/eu\/wp-json\/wp\/v2\/pages"}],"about":[{"href":"https:\/\/srisrischoolofyoga.org\/eu\/wp-json\/wp\/v2\/types\/page"}],"author":[{"embeddable":true,"href":"https:\/\/srisrischoolofyoga.org\/eu\/wp-json\/wp\/v2\/users\/10"}],"replies":[{"embeddable":true,"href":"https:\/\/srisrischoolofyoga.org\/eu\/wp-json\/wp\/v2\/comments?post=18472"}],"version-history":[{"count":0,"href":"https:\/\/srisrischoolofyoga.org\/eu\/wp-json\/wp\/v2\/pages\/18472\/revisions"}],"wp:attachment":[{"href":"https:\/\/srisrischoolofyoga.org\/eu\/wp-json\/wp\/v2\/media?parent=18472"}],"curies":[{"name":"wp","href":"https:\/\/api.w.org\/{rel}","templated":true}]}}